{"id":122,"date":"2017-12-09T15:22:26","date_gmt":"2017-12-09T14:22:26","guid":{"rendered":"http:\/\/pharmacie-lamblardie.fr\/blog\/?page_id=122"},"modified":"2017-12-09T15:23:37","modified_gmt":"2017-12-09T14:23:37","slug":"accueil","status":"publish","type":"page","link":"https:\/\/pharmacie-lamblardie.fr\/blog\/accueil\/","title":{"rendered":"Accueil"},"content":{"rendered":"<div align=\"justify\">Bienvenue sur le site de <strong>LA PHARMACIE LAMBLARDIE<\/strong>.<br \/>\nNotre pharmacie est situ\u00e9e au c\u0153ur du 12\u00e8me arrondissement de Paris \u00e0 2 pas de la place Felix Ebou\u00e9 &#8211; Daumesnil.<br \/>\nNotre \u00e9quipe vous accueille de 9h \u00e0 20h du Lundi au Vendredi et de 9h30 \u00e0 19h30 le Samedi toute l&rsquo;ann\u00e9e.<br \/>\nAfin de garantir \u00e0 notre patient\u00e8le un service de d\u00e9livrance optimum, nous nous engageons dans une d\u00e9marche de qualit\u00e9 visant \u00e0 obtenir la <strong>certification ISO 9001-QMS Pharma<\/strong>.<\/p>\n<p>Form\u00e9s toute l&rsquo;ann\u00e9e via de l&rsquo;e-learning et par une formation continue, nos collaborateurs par l&rsquo;actualisation de leur connaissances scientifiques et m\u00e9dicamenteuses vous assurent des conseils pointus et vous proposent des entretiens pharmaceutiques (AvK, asthme, diab\u00e8te) \u00e0 m\u00eame de vous donner toutes les informations n\u00e9cessaires pour vous placer au coeur de votre parcours de soin.<\/p>\n<p>Titulaires de Diplomes Universitaires d&rsquo;orthop\u00e9die pratique et petit appareillage et hom\u00e9opathie, nos pharmaciens sp\u00e9cialistes sauront partager et utilis\u00e9s leurs connaissances pour prendre en charge votre traitement et vous proposer un large choix de produit \u00e0 m\u00eame de faciliter votre r\u00e9tablissement<\/DIV><\/p>\n","protected":false},"excerpt":{"rendered":"<p>Bienvenue sur le site de LA PHARMACIE LAMBLARDIE. Notre pharmacie est situ\u00e9e au c\u0153ur du 12\u00e8me arrondissement de Paris \u00e0 2 pas de la place Felix Ebou\u00e9 &#8211; Daumesnil. Notre \u00e9quipe vous accueille de 9h \u00e0 20h du Lundi au Vendredi et de 9h30 \u00e0 19h30 le Samedi toute l&rsquo;ann\u00e9e. Afin de garantir \u00e0 notre patient\u00e8le un service de d\u00e9livrance optimum, nous nous engageons dans une d\u00e9marche de qualit\u00e9 visant \u00e0 obtenir la certification ISO 9001-QMS Pharma. Form\u00e9s toute l&rsquo;ann\u00e9e via de l&rsquo;e-learning et par une formation continue, nos collaborateurs par l&rsquo;actualisation de leur connaissances scientifiques et m\u00e9dicamenteuses vous assurent \u2026 <a class=\"continue-reading-link\" href=\"https:\/\/pharmacie-lamblardie.fr\/blog\/accueil\/\"> Continue reading <span class=\"meta-nav\">&rarr; <\/span><\/a><\/p>\n","protected":false},"author":1,"featured_media":0,"parent":0,"menu_order":0,"comment_status":"closed","ping_status":"closed","template":"","meta":{"footnotes":""},"class_list":["post-122","page","type-page","status-publish","hentry"],"yoast_head":"<!-- This site is optimized with the Yoast SEO plugin v27.4 - https:\/\/yoast.com\/product\/yoast-seo-wordpress\/ -->\n<title>Accueil - Pharmacie Lamblardie<\/title>\n<meta name=\"robots\" content=\"index, follow, max-snippet:-1, max-image-preview:large, max-video-preview:-1\" \/>\n<link rel=\"canonical\" href=\"http:\/\/pharmacie-lamblardie.fr\/blog\/accueil\/\" \/>\n<meta property=\"og:locale\" content=\"fr_FR\" \/>\n<meta property=\"og:type\" content=\"article\" \/>\n<meta property=\"og:title\" content=\"Accueil - Pharmacie Lamblardie\" \/>\n<meta property=\"og:description\" content=\"Bienvenue sur le site de LA PHARMACIE LAMBLARDIE. Notre pharmacie est situ\u00e9e au c\u0153ur du 12\u00e8me arrondissement de Paris \u00e0 2 pas de la place Felix Ebou\u00e9 &#8211; Daumesnil. Notre \u00e9quipe vous accueille de 9h \u00e0 20h du Lundi au Vendredi et de 9h30 \u00e0 19h30 le Samedi toute l&rsquo;ann\u00e9e. Afin de garantir \u00e0 notre patient\u00e8le un service de d\u00e9livrance optimum, nous nous engageons dans une d\u00e9marche de qualit\u00e9 visant \u00e0 obtenir la certification ISO 9001-QMS Pharma. Form\u00e9s toute l&rsquo;ann\u00e9e via de l&rsquo;e-learning et par une formation continue, nos collaborateurs par l&rsquo;actualisation de leur connaissances scientifiques et m\u00e9dicamenteuses vous assurent \u2026 Continue reading &rarr;\" \/>\n<meta property=\"og:url\" content=\"http:\/\/pharmacie-lamblardie.fr\/blog\/accueil\/\" \/>\n<meta property=\"og:site_name\" content=\"Pharmacie Lamblardie\" \/>\n<meta property=\"article:modified_time\" content=\"2017-12-09T14:23:37+00:00\" \/>\n<meta name=\"twitter:card\" content=\"summary_large_image\" \/>\n<meta name=\"twitter:label1\" content=\"Dur\u00e9e de lecture estim\u00e9e\" \/>\n\t<meta name=\"twitter:data1\" content=\"1 minute\" \/>\n<script type=\"application\/ld+json\" class=\"yoast-schema-graph\">{\"@context\":\"https:\\\/\\\/schema.org\",\"@graph\":[{\"@type\":\"WebPage\",\"@id\":\"http:\\\/\\\/pharmacie-lamblardie.fr\\\/blog\\\/accueil\\\/\",\"url\":\"http:\\\/\\\/pharmacie-lamblardie.fr\\\/blog\\\/accueil\\\/\",\"name\":\"Accueil - Pharmacie Lamblardie\",\"isPartOf\":{\"@id\":\"https:\\\/\\\/pharmacie-lamblardie.fr\\\/blog\\\/#website\"},\"datePublished\":\"2017-12-09T14:22:26+00:00\",\"dateModified\":\"2017-12-09T14:23:37+00:00\",\"breadcrumb\":{\"@id\":\"http:\\\/\\\/pharmacie-lamblardie.fr\\\/blog\\\/accueil\\\/#breadcrumb\"},\"inLanguage\":\"fr-FR\",\"potentialAction\":[{\"@type\":\"ReadAction\",\"target\":[\"http:\\\/\\\/pharmacie-lamblardie.fr\\\/blog\\\/accueil\\\/\"]}]},{\"@type\":\"BreadcrumbList\",\"@id\":\"http:\\\/\\\/pharmacie-lamblardie.fr\\\/blog\\\/accueil\\\/#breadcrumb\",\"itemListElement\":[{\"@type\":\"ListItem\",\"position\":1,\"name\":\"Accueil\",\"item\":\"https:\\\/\\\/pharmacie-lamblardie.fr\\\/blog\\\/\"},{\"@type\":\"ListItem\",\"position\":2,\"name\":\"Accueil\"}]},{\"@type\":\"WebSite\",\"@id\":\"https:\\\/\\\/pharmacie-lamblardie.fr\\\/blog\\\/#website\",\"url\":\"https:\\\/\\\/pharmacie-lamblardie.fr\\\/blog\\\/\",\"name\":\"Pharmacie Lamblardie\",\"description\":\"6 Rue lamblardie 75012 Paris 01 43 43 87 97\",\"publisher\":{\"@id\":\"https:\\\/\\\/pharmacie-lamblardie.fr\\\/blog\\\/#organization\"},\"potentialAction\":[{\"@type\":\"SearchAction\",\"target\":{\"@type\":\"EntryPoint\",\"urlTemplate\":\"https:\\\/\\\/pharmacie-lamblardie.fr\\\/blog\\\/?s={search_term_string}\"},\"query-input\":{\"@type\":\"PropertyValueSpecification\",\"valueRequired\":true,\"valueName\":\"search_term_string\"}}],\"inLanguage\":\"fr-FR\"},{\"@type\":\"Organization\",\"@id\":\"https:\\\/\\\/pharmacie-lamblardie.fr\\\/blog\\\/#organization\",\"name\":\"Pharmacie Lamblardie\",\"url\":\"https:\\\/\\\/pharmacie-lamblardie.fr\\\/blog\\\/\",\"logo\":{\"@type\":\"ImageObject\",\"inLanguage\":\"fr-FR\",\"@id\":\"https:\\\/\\\/pharmacie-lamblardie.fr\\\/blog\\\/#\\\/schema\\\/logo\\\/image\\\/\",\"url\":\"http:\\\/\\\/pharmacie-lamblardie.fr\\\/wp-content\\\/uploads\\\/2017\\\/11\\\/caducee-pharmacien.png\",\"contentUrl\":\"http:\\\/\\\/pharmacie-lamblardie.fr\\\/wp-content\\\/uploads\\\/2017\\\/11\\\/caducee-pharmacien.png\",\"width\":351,\"height\":396,\"caption\":\"Pharmacie Lamblardie\"},\"image\":{\"@id\":\"https:\\\/\\\/pharmacie-lamblardie.fr\\\/blog\\\/#\\\/schema\\\/logo\\\/image\\\/\"}}]}<\/script>\n<!-- \/ Yoast SEO plugin. -->","yoast_head_json":{"title":"Accueil - Pharmacie Lamblardie","robots":{"index":"index","follow":"follow","max-snippet":"max-snippet:-1","max-image-preview":"max-image-preview:large","max-video-preview":"max-video-preview:-1"},"canonical":"http:\/\/pharmacie-lamblardie.fr\/blog\/accueil\/","og_locale":"fr_FR","og_type":"article","og_title":"Accueil - Pharmacie Lamblardie","og_description":"Bienvenue sur le site de LA PHARMACIE LAMBLARDIE. Notre pharmacie est situ\u00e9e au c\u0153ur du 12\u00e8me arrondissement de Paris \u00e0 2 pas de la place Felix Ebou\u00e9 &#8211; Daumesnil. Notre \u00e9quipe vous accueille de 9h \u00e0 20h du Lundi au Vendredi et de 9h30 \u00e0 19h30 le Samedi toute l&rsquo;ann\u00e9e. Afin de garantir \u00e0 notre patient\u00e8le un service de d\u00e9livrance optimum, nous nous engageons dans une d\u00e9marche de qualit\u00e9 visant \u00e0 obtenir la certification ISO 9001-QMS Pharma. Form\u00e9s toute l&rsquo;ann\u00e9e via de l&rsquo;e-learning et par une formation continue, nos collaborateurs par l&rsquo;actualisation de leur connaissances scientifiques et m\u00e9dicamenteuses vous assurent \u2026 Continue reading &rarr;","og_url":"http:\/\/pharmacie-lamblardie.fr\/blog\/accueil\/","og_site_name":"Pharmacie Lamblardie","article_modified_time":"2017-12-09T14:23:37+00:00","twitter_card":"summary_large_image","twitter_misc":{"Dur\u00e9e de lecture estim\u00e9e":"1 minute"},"schema":{"@context":"https:\/\/schema.org","@graph":[{"@type":"WebPage","@id":"http:\/\/pharmacie-lamblardie.fr\/blog\/accueil\/","url":"http:\/\/pharmacie-lamblardie.fr\/blog\/accueil\/","name":"Accueil - Pharmacie Lamblardie","isPartOf":{"@id":"https:\/\/pharmacie-lamblardie.fr\/blog\/#website"},"datePublished":"2017-12-09T14:22:26+00:00","dateModified":"2017-12-09T14:23:37+00:00","breadcrumb":{"@id":"http:\/\/pharmacie-lamblardie.fr\/blog\/accueil\/#breadcrumb"},"inLanguage":"fr-FR","potentialAction":[{"@type":"ReadAction","target":["http:\/\/pharmacie-lamblardie.fr\/blog\/accueil\/"]}]},{"@type":"BreadcrumbList","@id":"http:\/\/pharmacie-lamblardie.fr\/blog\/accueil\/#breadcrumb","itemListElement":[{"@type":"ListItem","position":1,"name":"Accueil","item":"https:\/\/pharmacie-lamblardie.fr\/blog\/"},{"@type":"ListItem","position":2,"name":"Accueil"}]},{"@type":"WebSite","@id":"https:\/\/pharmacie-lamblardie.fr\/blog\/#website","url":"https:\/\/pharmacie-lamblardie.fr\/blog\/","name":"Pharmacie Lamblardie","description":"6 Rue lamblardie 75012 Paris 01 43 43 87 97","publisher":{"@id":"https:\/\/pharmacie-lamblardie.fr\/blog\/#organization"},"potentialAction":[{"@type":"SearchAction","target":{"@type":"EntryPoint","urlTemplate":"https:\/\/pharmacie-lamblardie.fr\/blog\/?s={search_term_string}"},"query-input":{"@type":"PropertyValueSpecification","valueRequired":true,"valueName":"search_term_string"}}],"inLanguage":"fr-FR"},{"@type":"Organization","@id":"https:\/\/pharmacie-lamblardie.fr\/blog\/#organization","name":"Pharmacie Lamblardie","url":"https:\/\/pharmacie-lamblardie.fr\/blog\/","logo":{"@type":"ImageObject","inLanguage":"fr-FR","@id":"https:\/\/pharmacie-lamblardie.fr\/blog\/#\/schema\/logo\/image\/","url":"http:\/\/pharmacie-lamblardie.fr\/wp-content\/uploads\/2017\/11\/caducee-pharmacien.png","contentUrl":"http:\/\/pharmacie-lamblardie.fr\/wp-content\/uploads\/2017\/11\/caducee-pharmacien.png","width":351,"height":396,"caption":"Pharmacie Lamblardie"},"image":{"@id":"https:\/\/pharmacie-lamblardie.fr\/blog\/#\/schema\/logo\/image\/"}}]}},"_links":{"self":[{"href":"https:\/\/pharmacie-lamblardie.fr\/blog\/wp-json\/wp\/v2\/pages\/122","targetHints":{"allow":["GET"]}}],"collection":[{"href":"https:\/\/pharmacie-lamblardie.fr\/blog\/wp-json\/wp\/v2\/pages"}],"about":[{"href":"https:\/\/pharmacie-lamblardie.fr\/blog\/wp-json\/wp\/v2\/types\/page"}],"author":[{"embeddable":true,"href":"https:\/\/pharmacie-lamblardie.fr\/blog\/wp-json\/wp\/v2\/users\/1"}],"replies":[{"embeddable":true,"href":"https:\/\/pharmacie-lamblardie.fr\/blog\/wp-json\/wp\/v2\/comments?post=122"}],"version-history":[{"count":3,"href":"https:\/\/pharmacie-lamblardie.fr\/blog\/wp-json\/wp\/v2\/pages\/122\/revisions"}],"predecessor-version":[{"id":126,"href":"https:\/\/pharmacie-lamblardie.fr\/blog\/wp-json\/wp\/v2\/pages\/122\/revisions\/126"}],"wp:attachment":[{"href":"https:\/\/pharmacie-lamblardie.fr\/blog\/wp-json\/wp\/v2\/media?parent=122"}],"curies":[{"name":"wp","href":"https:\/\/api.w.org\/{rel}","templated":true}]}}